{"id":3229,"date":"2025-01-16T19:16:29","date_gmt":"2025-01-16T18:16:29","guid":{"rendered":"https:\/\/www.cc4.de\/blog\/?page_id=3229"},"modified":"2025-01-16T19:16:29","modified_gmt":"2025-01-16T18:16:29","slug":"c4","status":"publish","type":"page","link":"https:\/\/www.cc4.de\/blog\/c4","title":{"rendered":"C4"},"content":{"rendered":"<div class=\"span8\">\n<h1><a href=\"https:\/\/cc4.de\">C4<\/a><\/h1>\n<p class=\"lead\">Au\u00dferhalb der konventionellen Kunstszene pr\u00e4sentiert C4 auf einer professionellen Ebene herausragende K\u00fcnstler, die seit Jahren in Berlin leben, arbeiten oder produzieren. Jede Art der Kooperation hat als Ziel, den K\u00fcnstlern die Pr\u00e4senz auf internationaler B\u00fchne zu erm\u00f6glichen. In diesem Sinne gibt es die Fine Art Assistenz seit 1997, den dazugeh\u00f6rigen Kunsthandel seit 2020.<\/p>\n<p class=\"lead2\">C4 can be thought of as a label, an art label. It is an independent, non-site exclusive initiative. Our goal is to give these artists a presence on the international stage. In this sense the Fine Art Assistance has existed since 1997, the associated art trade since 2020.<\/p>\n<\/div>\n","protected":false},"excerpt":{"rendered":"<p>C4 Au\u00dferhalb der konventionellen Kunstszene pr\u00e4sentiert C4 auf einer professionellen Ebene herausragende K\u00fcnstler, [&hellip;]<\/p>\n","protected":false},"author":126,"featured_media":0,"parent":0,"menu_order":0,"comment_status":"closed","ping_status":"closed","template":"","meta":{"footnotes":""},"class_list":["post-3229","page","type-page","status-publish","hentry"],"jetpack_sharing_enabled":true,"_links":{"self":[{"href":"https:\/\/www.cc4.de\/blog\/wp-json\/wp\/v2\/pages\/3229","targetHints":{"allow":["GET"]}}],"collection":[{"href":"https:\/\/www.cc4.de\/blog\/wp-json\/wp\/v2\/pages"}],"about":[{"href":"https:\/\/www.cc4.de\/blog\/wp-json\/wp\/v2\/types\/page"}],"author":[{"embeddable":true,"href":"https:\/\/www.cc4.de\/blog\/wp-json\/wp\/v2\/users\/126"}],"replies":[{"embeddable":true,"href":"https:\/\/www.cc4.de\/blog\/wp-json\/wp\/v2\/comments?post=3229"}],"version-history":[{"count":1,"href":"https:\/\/www.cc4.de\/blog\/wp-json\/wp\/v2\/pages\/3229\/revisions"}],"predecessor-version":[{"id":3230,"href":"https:\/\/www.cc4.de\/blog\/wp-json\/wp\/v2\/pages\/3229\/revisions\/3230"}],"wp:attachment":[{"href":"https:\/\/www.cc4.de\/blog\/wp-json\/wp\/v2\/media?parent=3229"}],"curies":[{"name":"wp","href":"https:\/\/api.w.org\/{rel}","templated":true}]}}